{"id":526787,"date":"2022-10-06T21:33:32","date_gmt":"2022-10-06T21:33:32","guid":{"rendered":"https:\/\/ownincabo.com\/cresta-del-mar-casas-en-venta\/"},"modified":"2023-04-24T17:13:12","modified_gmt":"2023-04-24T17:13:12","slug":"cresta-del-mar-casas-en-venta","status":"publish","type":"page","link":"https:\/\/ownincabo.com\/es\/cresta-del-mar-casas-en-venta\/","title":{"rendered":"Cresta Del Mar Casas En Venta"},"content":{"rendered":"\t\t<div data-elementor-type=\"wp-page\" data-elementor-id=\"526787\" class=\"elementor elementor-526787 elementor-522495\" data-elementor-settings=\"{&quot;ha_cmc_init_switcher&quot;:&quot;no&quot;}\" data-elementor-post-type=\"page\">\n\t\t\t\t\t\t<section class=\"elementor-section elementor-top-section elementor-element elementor-element-53639c39 elementor-section-boxed elementor-section-height-default elementor-section-height-default\" data-id=\"53639c39\" data-element_type=\"section\" data-e-type=\"section\" data-settings=\"{&quot;_ha_eqh_enable&quot;:false}\">\n\t\t\t\t\t\t<div class=\"elementor-container elementor-column-gap-default\">\n\t\t\t\t\t<div class=\"elementor-column elementor-col-100 elementor-top-column elementor-element elementor-element-1970b853\" data-id=\"1970b853\" data-element_type=\"column\" data-e-type=\"column\">\n\t\t\t<div class=\"elementor-widget-wrap elementor-element-populated\">\n\t\t\t\t\t\t<div class=\"elementor-element elementor-element-236bb7e5 elementor-widget elementor-widget-heading\" data-id=\"236bb7e5\" data-element_type=\"widget\" data-e-type=\"widget\" data-widget_type=\"heading.default\">\n\t\t\t\t<div class=\"elementor-widget-container\">\n\t\t\t\t\t<h2 class=\"elementor-heading-title elementor-size-default\">Comunidad Cresta del Mar<\/h2>\t\t\t\t<\/div>\n\t\t\t\t<\/div>\n\t\t\t\t<div class=\"elementor-element elementor-element-18eb8bd8 elementor-widget elementor-widget-text-editor\" data-id=\"18eb8bd8\" data-element_type=\"widget\" data-e-type=\"widget\" data-widget_type=\"text-editor.default\">\n\t\t\t\t<div class=\"elementor-widget-container\">\n\t\t\t\t\t\t\t\t\t<p>A unos seis kil\u00f3metros del centro de Cabo San Lucas se encuentra la comunidad de Cresta Del Mar, situada en el lado des\u00e9rtico de la carretera. Puede elegir un terreno en el barrio y construir all\u00ed la casa de sus sue\u00f1os.<\/p>\n<p>Cresta Del Mar tiene casas y lotes m\u00e1s grandes que algunos de los barrios cercanos. Las casas de este barrio disfrutan de amplias vistas del oc\u00e9ano y de las luces de la ciudad. Hay algunas tiendas cercanas convenientemente situadas en la zona que ofrecen alimentos, bebidas y art\u00edculos para el hogar. Los centros comerciales m\u00e1s grandes tambi\u00e9n est\u00e1n a s\u00f3lo cinco minutos en coche.<\/p>\n<p>Esta exclusiva y tranquila comunidad est\u00e1 cerrada y ofrece seguridad las 24 horas del d\u00eda, carreteras asfaltadas, servicios p\u00fablicos subterr\u00e1neos e impresionantes vistas de la playa, la bah\u00eda e incluso de nuestro emblem\u00e1tico Arco.<\/p><\/p>\n\t\t\t\t\t\t\t\t<\/div>\n\t\t\t\t<\/div>\n\t\t\t\t<div class=\"elementor-element elementor-element-0b456f9 elementor-widget elementor-widget-theme-post-featured-image elementor-widget-image\" data-id=\"0b456f9\" data-element_type=\"widget\" data-e-type=\"widget\" data-widget_type=\"theme-post-featured-image.default\">\n\t\t\t\t<div class=\"elementor-widget-container\">\n\t\t\t\t\t\t\t\t\t\t\t\t\t\t\t\t<a href=\"https:\/\/ownincabo.com\/cabo-corridor-real-estate\/cresta-del-mar-cabo\/\">\n\t\t\t\t\t\t\t<img fetchpriority=\"high\" decoding=\"async\" width=\"800\" height=\"448\" src=\"https:\/\/ownincabo.com\/wp-content\/uploads\/2022\/11\/Cresta-Del-Mar-For-Sale.webp\" class=\"attachment-large size-large wp-image-527894\" alt=\"\" srcset=\"https:\/\/ownincabo.com\/wp-content\/uploads\/2022\/11\/Cresta-Del-Mar-For-Sale.webp 1024w, https:\/\/ownincabo.com\/wp-content\/uploads\/2022\/11\/Cresta-Del-Mar-For-Sale-300x168.webp 300w, https:\/\/ownincabo.com\/wp-content\/uploads\/2022\/11\/Cresta-Del-Mar-For-Sale-768x431.webp 768w, https:\/\/ownincabo.com\/wp-content\/uploads\/2022\/11\/Cresta-Del-Mar-For-Sale-150x84.webp 150w\" sizes=\"(max-width: 800px) 100vw, 800px\" \/>\t\t\t\t\t\t\t\t<\/a>\n\t\t\t\t\t\t\t\t\t\t\t\t\t\t\t<\/div>\n\t\t\t\t<\/div>\n\t\t\t\t<div class=\"elementor-element elementor-element-767cfaf9 elementor-widget elementor-widget-gallery\" data-id=\"767cfaf9\" data-element_type=\"widget\" data-e-type=\"widget\" data-settings=\"{&quot;columns&quot;:2,&quot;lazyload&quot;:&quot;yes&quot;,&quot;gallery_layout&quot;:&quot;grid&quot;,&quot;columns_tablet&quot;:2,&quot;columns_mobile&quot;:1,&quot;gap&quot;:{&quot;unit&quot;:&quot;px&quot;,&quot;size&quot;:10,&quot;sizes&quot;:[]},&quot;gap_tablet&quot;:{&quot;unit&quot;:&quot;px&quot;,&quot;size&quot;:10,&quot;sizes&quot;:[]},&quot;gap_mobile&quot;:{&quot;unit&quot;:&quot;px&quot;,&quot;size&quot;:10,&quot;sizes&quot;:[]},&quot;link_to&quot;:&quot;file&quot;,&quot;aspect_ratio&quot;:&quot;3:2&quot;,&quot;overlay_background&quot;:&quot;yes&quot;,&quot;content_hover_animation&quot;:&quot;fade-in&quot;}\" data-widget_type=\"gallery.default\">\n\t\t\t\t<div class=\"elementor-widget-container\">\n\t\t\t\t\t\t\t<div class=\"elementor-gallery__container\">\n\t\t\t\t\t\t\t<a class=\"e-gallery-item elementor-gallery-item elementor-animated-content\" href=\"https:\/\/ownincabo.com\/wp-content\/uploads\/2022\/10\/cresta-del-mar-featured-image-1350x540-1.jpg\" data-elementor-open-lightbox=\"yes\" data-elementor-lightbox-slideshow=\"767cfaf9\" data-elementor-lightbox-title=\"cresta-del-mar-featured-image-1350x540\" data-e-action-hash=\"#elementor-action%3Aaction%3Dlightbox%26settings%3DeyJpZCI6NTIyNDk4LCJ1cmwiOiJodHRwczpcL1wvb3duaW5jYWJvLmNvbVwvd3AtY29udGVudFwvdXBsb2Fkc1wvMjAyMlwvMTBcL2NyZXN0YS1kZWwtbWFyLWZlYXR1cmVkLWltYWdlLTEzNTB4NTQwLTEuanBnIiwic2xpZGVzaG93IjoiNzY3Y2ZhZjkifQ%3D%3D\">\n\t\t\t\t\t<div class=\"e-gallery-image elementor-gallery-item__image\" data-thumbnail=\"https:\/\/ownincabo.com\/wp-content\/uploads\/2022\/10\/cresta-del-mar-featured-image-1350x540-1-1024x410.jpg\" data-width=\"800\" data-height=\"320\" aria-label=\"\" role=\"img\" ><\/div>\n\t\t\t\t\t\t\t\t\t\t\t<div class=\"elementor-gallery-item__overlay\"><\/div>\n\t\t\t\t\t\t\t\t\t\t\t\t\t\t<\/a>\n\t\t\t\t\t\t\t<a class=\"e-gallery-item elementor-gallery-item elementor-animated-content\" href=\"https:\/\/ownincabo.com\/wp-content\/uploads\/2022\/10\/download-1-1.jpg\" data-elementor-open-lightbox=\"yes\" data-elementor-lightbox-slideshow=\"767cfaf9\" data-elementor-lightbox-title=\"download (1)\" data-e-action-hash=\"#elementor-action%3Aaction%3Dlightbox%26settings%3DeyJpZCI6NTIyNDk5LCJ1cmwiOiJodHRwczpcL1wvb3duaW5jYWJvLmNvbVwvd3AtY29udGVudFwvdXBsb2Fkc1wvMjAyMlwvMTBcL2Rvd25sb2FkLTEtMS5qcGciLCJzbGlkZXNob3ciOiI3NjdjZmFmOSJ9\">\n\t\t\t\t\t<div class=\"e-gallery-image elementor-gallery-item__image\" data-thumbnail=\"https:\/\/ownincabo.com\/wp-content\/uploads\/2022\/10\/download-1-1.jpg\" data-width=\"300\" data-height=\"168\" aria-label=\"\" role=\"img\" ><\/div>\n\t\t\t\t\t\t\t\t\t\t\t<div class=\"elementor-gallery-item__overlay\"><\/div>\n\t\t\t\t\t\t\t\t\t\t\t\t\t\t<\/a>\n\t\t\t\t\t<\/div>\n\t\t\t\t\t<\/div>\n\t\t\t\t<\/div>\n\t\t\t\t<div class=\"elementor-element elementor-element-f4472c0 elementor-widget elementor-widget-heading\" data-id=\"f4472c0\" data-element_type=\"widget\" data-e-type=\"widget\" data-widget_type=\"heading.default\">\n\t\t\t\t<div class=\"elementor-widget-container\">\n\t\t\t\t\t<h2 class=\"elementor-heading-title elementor-size-default\">Servicios en la Comunidad Cresta Del Mar<\/h2>\t\t\t\t<\/div>\n\t\t\t\t<\/div>\n\t\t\t\t<div class=\"elementor-element elementor-element-2150bdae elementor-widget elementor-widget-text-editor\" data-id=\"2150bdae\" data-element_type=\"widget\" data-e-type=\"widget\" data-widget_type=\"text-editor.default\">\n\t\t\t\t<div class=\"elementor-widget-container\">\n\t\t\t\t\t\t\t\t\t<p>La mundialmente famosa playa del M\u00e9dano, hospitales, grandes almacenes y el puerto deportivo se encuentran a poca distancia en coche de Cresta del Mar, que est\u00e1 a menos de cinco minutos del centro de Cabo. El barrio ofrece a sus residentes seguridad in situ las 24 horas, servicios p\u00fablicos subterr\u00e1neos en cada parcela, amplias calzadas y paseos, exuberantes zonas verdes y cuotas de comunidad de propietarios econ\u00f3micas.<\/p>\n\t\t\t\t\t\t\t\t<\/div>\n\t\t\t\t<\/div>\n\t\t\t\t<div class=\"elementor-element elementor-element-2c69dfb3 elementor-widget elementor-widget-gallery\" data-id=\"2c69dfb3\" data-element_type=\"widget\" data-e-type=\"widget\" data-settings=\"{&quot;columns&quot;:2,&quot;lazyload&quot;:&quot;yes&quot;,&quot;gallery_layout&quot;:&quot;grid&quot;,&quot;columns_tablet&quot;:2,&quot;columns_mobile&quot;:1,&quot;gap&quot;:{&quot;unit&quot;:&quot;px&quot;,&quot;size&quot;:10,&quot;sizes&quot;:[]},&quot;gap_tablet&quot;:{&quot;unit&quot;:&quot;px&quot;,&quot;size&quot;:10,&quot;sizes&quot;:[]},&quot;gap_mobile&quot;:{&quot;unit&quot;:&quot;px&quot;,&quot;size&quot;:10,&quot;sizes&quot;:[]},&quot;link_to&quot;:&quot;file&quot;,&quot;aspect_ratio&quot;:&quot;3:2&quot;,&quot;overlay_background&quot;:&quot;yes&quot;,&quot;content_hover_animation&quot;:&quot;fade-in&quot;}\" data-widget_type=\"gallery.default\">\n\t\t\t\t<div class=\"elementor-widget-container\">\n\t\t\t\t\t\t\t<div class=\"elementor-gallery__container\">\n\t\t\t\t\t\t\t<a class=\"e-gallery-item elementor-gallery-item elementor-animated-content\" href=\"https:\/\/ownincabo.com\/wp-content\/uploads\/2022\/10\/download-2.jpg\" data-elementor-open-lightbox=\"yes\" data-elementor-lightbox-slideshow=\"2c69dfb3\" data-elementor-lightbox-title=\"download\" data-e-action-hash=\"#elementor-action%3Aaction%3Dlightbox%26settings%3DeyJpZCI6NTIyNTAwLCJ1cmwiOiJodHRwczpcL1wvb3duaW5jYWJvLmNvbVwvd3AtY29udGVudFwvdXBsb2Fkc1wvMjAyMlwvMTBcL2Rvd25sb2FkLTIuanBnIiwic2xpZGVzaG93IjoiMmM2OWRmYjMifQ%3D%3D\">\n\t\t\t\t\t<div class=\"e-gallery-image elementor-gallery-item__image\" data-thumbnail=\"https:\/\/ownincabo.com\/wp-content\/uploads\/2022\/10\/download-2.jpg\" data-width=\"264\" data-height=\"191\" aria-label=\"\" role=\"img\" ><\/div>\n\t\t\t\t\t\t\t\t\t\t\t<div class=\"elementor-gallery-item__overlay\"><\/div>\n\t\t\t\t\t\t\t\t\t\t\t\t\t\t<\/a>\n\t\t\t\t\t\t\t<a class=\"e-gallery-item elementor-gallery-item elementor-animated-content\" href=\"https:\/\/ownincabo.com\/wp-content\/uploads\/2022\/10\/La-Cresta-slide-01800-x-600-710x375-1.jpg\" data-elementor-open-lightbox=\"yes\" data-elementor-lightbox-slideshow=\"2c69dfb3\" data-elementor-lightbox-title=\"La-Cresta-slide-01800-x-600-710x375\" data-e-action-hash=\"#elementor-action%3Aaction%3Dlightbox%26settings%3DeyJpZCI6NTIyNTAxLCJ1cmwiOiJodHRwczpcL1wvb3duaW5jYWJvLmNvbVwvd3AtY29udGVudFwvdXBsb2Fkc1wvMjAyMlwvMTBcL0xhLUNyZXN0YS1zbGlkZS0wMTgwMC14LTYwMC03MTB4Mzc1LTEuanBnIiwic2xpZGVzaG93IjoiMmM2OWRmYjMifQ%3D%3D\">\n\t\t\t\t\t<div class=\"e-gallery-image elementor-gallery-item__image\" data-thumbnail=\"https:\/\/ownincabo.com\/wp-content\/uploads\/2022\/10\/La-Cresta-slide-01800-x-600-710x375-1.jpg\" data-width=\"710\" data-height=\"375\" aria-label=\"\" role=\"img\" ><\/div>\n\t\t\t\t\t\t\t\t\t\t\t<div class=\"elementor-gallery-item__overlay\"><\/div>\n\t\t\t\t\t\t\t\t\t\t\t\t\t\t<\/a>\n\t\t\t\t\t<\/div>\n\t\t\t\t\t<\/div>\n\t\t\t\t<\/div>\n\t\t\t\t<div class=\"elementor-element elementor-element-6008582 elementor-widget elementor-widget-heading\" data-id=\"6008582\" data-element_type=\"widget\" data-e-type=\"widget\" data-widget_type=\"heading.default\">\n\t\t\t\t<div class=\"elementor-widget-container\">\n\t\t\t\t\t<h2 class=\"elementor-heading-title elementor-size-default\">Escuelas cerca de la Comunidad Cresta Del Mar<\/h2>\t\t\t\t<\/div>\n\t\t\t\t<\/div>\n\t\t\t\t<div class=\"elementor-element elementor-element-298614fa elementor-widget elementor-widget-text-editor\" data-id=\"298614fa\" data-element_type=\"widget\" data-e-type=\"widget\" data-widget_type=\"text-editor.default\">\n\t\t\t\t<div class=\"elementor-widget-container\">\n\t\t\t\t\t\t\t\t\t<p>Para su familia, el \u00e1rea de Los Cabos ofrece una variedad de alternativas educativas, incluyendo escuelas p\u00fablicas, privadas e internacionales. Como las escuelas p\u00fablicas suelen estar masificadas, muchos expatriados optan por matricular a sus hijos en colegios privados multiling\u00fces. Muchos expatriados eligen colegios internacionales para sus hijos, como <a href=\"https:\/\/elcamino.edu.mx\/\" target=\"_blank\" rel=\"noopener\">el Colegio el Camino<\/a>, que ofrece programas K-12. Tambi\u00e9n hay otras opciones disponibles en la zona, como el <a href=\"https:\/\/amaranto.edu.mx\/en\/\" target=\"_blank\" rel=\"noopener\">Colegio Amaranto International School<\/a>, <a href=\"http:\/\/institutopeninsular.edu.mx\/principal\/INICIO.html\" target=\"_blank\" rel=\"noopener\">el Instituto Peninsular<\/a> y el <a href=\"https:\/\/www.cepicacho.edu.mx\/\" target=\"_blank\" rel=\"noopener\">Centro Escolar Picacho<\/a>.<\/p>\n\t\t\t\t\t\t\t\t<\/div>\n\t\t\t\t<\/div>\n\t\t\t\t<div class=\"elementor-element elementor-element-9feaea3 elementor-widget elementor-widget-gallery\" data-id=\"9feaea3\" data-element_type=\"widget\" data-e-type=\"widget\" data-settings=\"{&quot;columns&quot;:3,&quot;lazyload&quot;:&quot;yes&quot;,&quot;gallery_layout&quot;:&quot;grid&quot;,&quot;columns_tablet&quot;:2,&quot;columns_mobile&quot;:1,&quot;gap&quot;:{&quot;unit&quot;:&quot;px&quot;,&quot;size&quot;:10,&quot;sizes&quot;:[]},&quot;gap_tablet&quot;:{&quot;unit&quot;:&quot;px&quot;,&quot;size&quot;:10,&quot;sizes&quot;:[]},&quot;gap_mobile&quot;:{&quot;unit&quot;:&quot;px&quot;,&quot;size&quot;:10,&quot;sizes&quot;:[]},&quot;link_to&quot;:&quot;file&quot;,&quot;aspect_ratio&quot;:&quot;3:2&quot;,&quot;overlay_background&quot;:&quot;yes&quot;,&quot;content_hover_animation&quot;:&quot;fade-in&quot;}\" data-widget_type=\"gallery.default\">\n\t\t\t\t<div class=\"elementor-widget-container\">\n\t\t\t\t\t\t\t<div class=\"elementor-gallery__container\">\n\t\t\t\t\t\t\t<a class=\"e-gallery-item elementor-gallery-item elementor-animated-content\" href=\"https:\/\/ownincabo.com\/wp-content\/uploads\/2022\/06\/Porto-Novo-For-Sale.jpg\" data-elementor-open-lightbox=\"yes\" data-elementor-lightbox-slideshow=\"9feaea3\" data-elementor-lightbox-title=\"Verandas For Sale\" data-e-action-hash=\"#elementor-action%3Aaction%3Dlightbox%26settings%3DeyJpZCI6NTI2NjQzLCJ1cmwiOiJodHRwczpcL1wvb3duaW5jYWJvLmNvbVwvd3AtY29udGVudFwvdXBsb2Fkc1wvMjAyMlwvMDZcL1BvcnRvLU5vdm8tRm9yLVNhbGUuanBnIiwic2xpZGVzaG93IjoiOWZlYWVhMyJ9\">\n\t\t\t\t\t<div class=\"e-gallery-image elementor-gallery-item__image\" data-thumbnail=\"https:\/\/ownincabo.com\/wp-content\/uploads\/2022\/06\/Porto-Novo-For-Sale-300x199.jpg\" data-width=\"300\" data-height=\"199\" aria-label=\"\" role=\"img\" ><\/div>\n\t\t\t\t\t\t\t\t\t\t\t<div class=\"elementor-gallery-item__overlay\"><\/div>\n\t\t\t\t\t\t\t\t\t\t\t\t\t\t<\/a>\n\t\t\t\t\t\t\t<a class=\"e-gallery-item elementor-gallery-item elementor-animated-content\" href=\"https:\/\/ownincabo.com\/wp-content\/uploads\/2022\/06\/Porto-Novo-Community-Schools.jpg\" data-elementor-open-lightbox=\"yes\" data-elementor-lightbox-slideshow=\"9feaea3\" data-elementor-lightbox-title=\"Verandas For Sale Community Schools\" data-e-action-hash=\"#elementor-action%3Aaction%3Dlightbox%26settings%3DeyJpZCI6NTI2NjQxLCJ1cmwiOiJodHRwczpcL1wvb3duaW5jYWJvLmNvbVwvd3AtY29udGVudFwvdXBsb2Fkc1wvMjAyMlwvMDZcL1BvcnRvLU5vdm8tQ29tbXVuaXR5LVNjaG9vbHMuanBnIiwic2xpZGVzaG93IjoiOWZlYWVhMyJ9\">\n\t\t\t\t\t<div class=\"e-gallery-image elementor-gallery-item__image\" data-thumbnail=\"https:\/\/ownincabo.com\/wp-content\/uploads\/2022\/06\/Porto-Novo-Community-Schools-300x199.jpg\" data-width=\"300\" data-height=\"199\" aria-label=\"\" role=\"img\" ><\/div>\n\t\t\t\t\t\t\t\t\t\t\t<div class=\"elementor-gallery-item__overlay\"><\/div>\n\t\t\t\t\t\t\t\t\t\t\t\t\t\t<\/a>\n\t\t\t\t\t\t\t<a class=\"e-gallery-item elementor-gallery-item elementor-animated-content\" href=\"https:\/\/ownincabo.com\/wp-content\/uploads\/2022\/06\/Porto-Novo-Los-Cabos-Schools.jpg\" data-elementor-open-lightbox=\"yes\" data-elementor-lightbox-slideshow=\"9feaea3\" data-elementor-lightbox-title=\"Verandas For Sale Community Schools Los Cabos Schools\" data-e-action-hash=\"#elementor-action%3Aaction%3Dlightbox%26settings%3DeyJpZCI6NTI2NjQ1LCJ1cmwiOiJodHRwczpcL1wvb3duaW5jYWJvLmNvbVwvd3AtY29udGVudFwvdXBsb2Fkc1wvMjAyMlwvMDZcL1BvcnRvLU5vdm8tTG9zLUNhYm9zLVNjaG9vbHMuanBnIiwic2xpZGVzaG93IjoiOWZlYWVhMyJ9\">\n\t\t\t\t\t<div class=\"e-gallery-image elementor-gallery-item__image\" data-thumbnail=\"https:\/\/ownincabo.com\/wp-content\/uploads\/2022\/06\/Porto-Novo-Los-Cabos-Schools-300x199.jpg\" data-width=\"300\" data-height=\"199\" aria-label=\"\" role=\"img\" ><\/div>\n\t\t\t\t\t\t\t\t\t\t\t<div class=\"elementor-gallery-item__overlay\"><\/div>\n\t\t\t\t\t\t\t\t\t\t\t\t\t\t<\/a>\n\t\t\t\t\t\t\t<a class=\"e-gallery-item elementor-gallery-item elementor-animated-content\" href=\"https:\/\/ownincabo.com\/wp-content\/uploads\/2022\/06\/Porto-Novo-Cabo-Schools.jpg\" data-elementor-open-lightbox=\"yes\" data-elementor-lightbox-slideshow=\"9feaea3\" data-elementor-lightbox-title=\"Maralta Cabo Living For Sale Community Schools Los Cabos Schools Cabo Schools\" data-e-action-hash=\"#elementor-action%3Aaction%3Dlightbox%26settings%3DeyJpZCI6NTI2NjQwLCJ1cmwiOiJodHRwczpcL1wvb3duaW5jYWJvLmNvbVwvd3AtY29udGVudFwvdXBsb2Fkc1wvMjAyMlwvMDZcL1BvcnRvLU5vdm8tQ2Fiby1TY2hvb2xzLmpwZyIsInNsaWRlc2hvdyI6IjlmZWFlYTMifQ%3D%3D\">\n\t\t\t\t\t<div class=\"e-gallery-image elementor-gallery-item__image\" data-thumbnail=\"https:\/\/ownincabo.com\/wp-content\/uploads\/2022\/06\/Porto-Novo-Cabo-Schools-300x199.jpg\" data-width=\"300\" data-height=\"199\" aria-label=\"\" role=\"img\" ><\/div>\n\t\t\t\t\t\t\t\t\t\t\t<div class=\"elementor-gallery-item__overlay\"><\/div>\n\t\t\t\t\t\t\t\t\t\t\t\t\t\t<\/a>\n\t\t\t\t\t\t\t<a class=\"e-gallery-item elementor-gallery-item elementor-animated-content\" href=\"https:\/\/ownincabo.com\/wp-content\/uploads\/2022\/06\/Porto-Novo-Schools-in-Community.jpg\" data-elementor-open-lightbox=\"yes\" data-elementor-lightbox-slideshow=\"9feaea3\" data-elementor-lightbox-title=\"Maralta Cabo Living For Sale Community Schools Los Cabos Schools Cabo Schools Schools in Community\" data-e-action-hash=\"#elementor-action%3Aaction%3Dlightbox%26settings%3DeyJpZCI6NTI2NjQ2LCJ1cmwiOiJodHRwczpcL1wvb3duaW5jYWJvLmNvbVwvd3AtY29udGVudFwvdXBsb2Fkc1wvMjAyMlwvMDZcL1BvcnRvLU5vdm8tU2Nob29scy1pbi1Db21tdW5pdHkuanBnIiwic2xpZGVzaG93IjoiOWZlYWVhMyJ9\">\n\t\t\t\t\t<div class=\"e-gallery-image elementor-gallery-item__image\" data-thumbnail=\"https:\/\/ownincabo.com\/wp-content\/uploads\/2022\/06\/Porto-Novo-Schools-in-Community-300x199.jpg\" data-width=\"300\" data-height=\"199\" aria-label=\"\" role=\"img\" ><\/div>\n\t\t\t\t\t\t\t\t\t\t\t<div class=\"elementor-gallery-item__overlay\"><\/div>\n\t\t\t\t\t\t\t\t\t\t\t\t\t\t<\/a>\n\t\t\t\t\t\t\t<a class=\"e-gallery-item elementor-gallery-item elementor-animated-content\" href=\"https:\/\/ownincabo.com\/wp-content\/uploads\/2022\/06\/Porto-Novo-Internation-Schools.jpg\" data-elementor-open-lightbox=\"yes\" data-elementor-lightbox-slideshow=\"9feaea3\" data-elementor-lightbox-title=\"Maralta Cabo Living For Sale Community Schools Los Cabos Schools Cabo Schools Schools in Community\" data-e-action-hash=\"#elementor-action%3Aaction%3Dlightbox%26settings%3DeyJpZCI6NTI2NjQ0LCJ1cmwiOiJodHRwczpcL1wvb3duaW5jYWJvLmNvbVwvd3AtY29udGVudFwvdXBsb2Fkc1wvMjAyMlwvMDZcL1BvcnRvLU5vdm8tSW50ZXJuYXRpb24tU2Nob29scy5qcGciLCJzbGlkZXNob3ciOiI5ZmVhZWEzIn0%3D\">\n\t\t\t\t\t<div class=\"e-gallery-image elementor-gallery-item__image\" data-thumbnail=\"https:\/\/ownincabo.com\/wp-content\/uploads\/2022\/06\/Porto-Novo-Internation-Schools-300x186.jpg\" data-width=\"300\" data-height=\"186\" aria-label=\"\" role=\"img\" ><\/div>\n\t\t\t\t\t\t\t\t\t\t\t<div class=\"elementor-gallery-item__overlay\"><\/div>\n\t\t\t\t\t\t\t\t\t\t\t\t\t\t<\/a>\n\t\t\t\t\t<\/div>\n\t\t\t\t\t<\/div>\n\t\t\t\t<\/div>\n\t\t\t\t<div class=\"elementor-element elementor-element-119c52af elementor-widget elementor-widget-heading\" data-id=\"119c52af\" data-element_type=\"widget\" data-e-type=\"widget\" data-widget_type=\"heading.default\">\n\t\t\t\t<div class=\"elementor-widget-container\">\n\t\t\t\t\t<h2 class=\"elementor-heading-title elementor-size-default\">Propietario en Cabo Le Representamos<\/h2>\t\t\t\t<\/div>\n\t\t\t\t<\/div>\n\t\t\t\t<div class=\"elementor-element elementor-element-6f4e6c94 elementor-widget elementor-widget-text-editor\" data-id=\"6f4e6c94\" data-element_type=\"widget\" data-e-type=\"widget\" data-widget_type=\"text-editor.default\">\n\t\t\t\t<div class=\"elementor-widget-container\">\n\t\t\t\t\t\t\t\t\t<p><strong>P\u00f3ngase en contacto con nosotros para ver todo el inventario de promotores<\/strong><\/p>\n<p>Le representamos cuando compra en Cresta Del Mar  <span style=\"color: var( --e-global-color-text ); font-size: 1rem;\">sin coste adicional, y tener pleno acceso a todo su inventario. Los agentes de ventas in situ representan al promotor. S\u00f3lo tiene sentido utilizar nuestra experiencia y conocimientos.<\/span><\/p>\n\t\t\t\t\t\t\t\t<\/div>\n\t\t\t\t<\/div>\n\t\t\t\t<div class=\"elementor-element elementor-element-7d16fa75 elementor-align-center elementor-widget elementor-widget-button\" data-id=\"7d16fa75\" data-element_type=\"widget\" data-e-type=\"widget\" data-widget_type=\"button.default\">\n\t\t\t\t<div class=\"elementor-widget-container\">\n\t\t\t\t\t\t\t\t\t<div class=\"elementor-button-wrapper\">\n\t\t\t\t\t<a class=\"elementor-button elementor-button-link elementor-size-sm\" href=\"https:\/\/ownincabo.com\/contact-us\/\">\n\t\t\t\t\t\t<span class=\"elementor-button-content-wrapper\">\n\t\t\t\t\t\t\t\t\t<span class=\"elementor-button-text\">M\u00e1s informaci\u00f3n<\/span>\n\t\t\t\t\t<\/span>\n\t\t\t\t\t<\/a>\n\t\t\t\t<\/div>\n\t\t\t\t\t\t\t\t<\/div>\n\t\t\t\t<\/div>\n\t\t\t\t<div class=\"elementor-element elementor-element-1450276e elementor-widget elementor-widget-google_maps\" data-id=\"1450276e\" data-element_type=\"widget\" data-e-type=\"widget\" data-widget_type=\"google_maps.default\">\n\t\t\t\t<div class=\"elementor-widget-container\">\n\t\t\t\t\t\t\t<div class=\"elementor-custom-embed\">\n\t\t\t<iframe loading=\"lazy\"\n\t\t\t\t\tsrc=\"https:\/\/maps.google.com\/maps?q=Cresta%20Del%20Mar%20Cabo%20San%20Lucas&#038;t=m&#038;z=13&#038;output=embed&#038;iwloc=near\"\n\t\t\t\t\ttitle=\"Cresta Del Mar Cabo San Lucas\"\n\t\t\t\t\taria-label=\"Cresta Del Mar Cabo San Lucas\"\n\t\t\t><\/iframe>\n\t\t<\/div>\n\t\t\t\t\t\t<\/div>\n\t\t\t\t<\/div>\n\t\t\t\t<div class=\"elementor-element elementor-element-622bde7b elementor-widget elementor-widget-facebook-button\" data-id=\"622bde7b\" data-element_type=\"widget\" data-e-type=\"widget\" data-widget_type=\"facebook-button.default\">\n\t\t\t\t<div class=\"elementor-widget-container\">\n\t\t\t\t\t\t\t<div data-layout=\"standard\" data-colorscheme=\"light\" data-size=\"small\" data-show-faces=\"false\" class=\"elementor-facebook-widget fb-like\" data-href=\"https:\/\/facebook.com\/ownincabo\" data-share=\"true\" data-action=\"like\"><\/div>\n\t\t\t\t\t\t<\/div>\n\t\t\t\t<\/div>\n\t\t\t\t\t<\/div>\n\t\t<\/div>\n\t\t\t\t\t<\/div>\n\t\t<\/section>\n\t\t\t\t<\/div>\n\t\t","protected":false},"excerpt":{"rendered":"<p>Comunidad Cresta del Mar A unos seis kil\u00f3metros del centro de Cabo San Lucas se encuentra la comunidad de Cresta Del Mar, situada en el lado des\u00e9rtico de la carretera. Puede elegir un terreno en el barrio y construir all\u00ed la casa de sus sue\u00f1os. Cresta Del Mar tiene casas y lotes m\u00e1s grandes que [&hellip;]<\/p>\n","protected":false},"author":1029,"featured_media":527894,"parent":0,"menu_order":0,"comment_status":"closed","ping_status":"closed","template":"","meta":{"_acf_changed":false,"footnotes":""},"class_list":["post-526787","page","type-page","status-publish","has-post-thumbnail","hentry"],"acf":[],"_links":{"self":[{"href":"https:\/\/ownincabo.com\/es\/wp-json\/wp\/v2\/pages\/526787","targetHints":{"allow":["GET"]}}],"collection":[{"href":"https:\/\/ownincabo.com\/es\/wp-json\/wp\/v2\/pages"}],"about":[{"href":"https:\/\/ownincabo.com\/es\/wp-json\/wp\/v2\/types\/page"}],"author":[{"embeddable":true,"href":"https:\/\/ownincabo.com\/es\/wp-json\/wp\/v2\/users\/1029"}],"replies":[{"embeddable":true,"href":"https:\/\/ownincabo.com\/es\/wp-json\/wp\/v2\/comments?post=526787"}],"version-history":[{"count":0,"href":"https:\/\/ownincabo.com\/es\/wp-json\/wp\/v2\/pages\/526787\/revisions"}],"wp:featuredmedia":[{"embeddable":true,"href":"https:\/\/ownincabo.com\/es\/wp-json\/wp\/v2\/media\/527894"}],"wp:attachment":[{"href":"https:\/\/ownincabo.com\/es\/wp-json\/wp\/v2\/media?parent=526787"}],"curies":[{"name":"wp","href":"https:\/\/api.w.org\/{rel}","templated":true}]}}