{"id":528396,"date":"2021-07-28T00:13:55","date_gmt":"2021-07-28T00:13:55","guid":{"rendered":"https:\/\/ownincabo.com\/compras-en-los-cabos\/"},"modified":"2023-04-24T17:25:18","modified_gmt":"2023-04-24T17:25:18","slug":"compras-en-los-cabos","status":"publish","type":"page","link":"https:\/\/ownincabo.com\/es\/compras-en-los-cabos\/","title":{"rendered":"Compras en Los Cabos"},"content":{"rendered":"\t\t<div data-elementor-type=\"wp-page\" data-elementor-id=\"528396\" class=\"elementor elementor-528396 elementor-519997\" data-elementor-settings=\"{&quot;ha_cmc_init_switcher&quot;:&quot;no&quot;}\" data-elementor-post-type=\"page\">\n\t\t\t\t\t\t<section class=\"elementor-section elementor-top-section elementor-element elementor-element-86863e9 elementor-section-boxed elementor-section-height-default elementor-section-height-default\" data-id=\"86863e9\" data-element_type=\"section\" data-e-type=\"section\" data-settings=\"{&quot;_ha_eqh_enable&quot;:false}\">\n\t\t\t\t\t\t<div class=\"elementor-container elementor-column-gap-default\">\n\t\t\t\t\t<div class=\"elementor-column elementor-col-100 elementor-top-column elementor-element elementor-element-a668347\" data-id=\"a668347\" data-element_type=\"column\" data-e-type=\"column\">\n\t\t\t<div class=\"elementor-widget-wrap elementor-element-populated\">\n\t\t\t\t\t\t<div class=\"elementor-element elementor-element-efa0c79 elementor-widget elementor-widget-text-editor\" data-id=\"efa0c79\" data-element_type=\"widget\" data-e-type=\"widget\" data-widget_type=\"text-editor.default\">\n\t\t\t\t<div class=\"elementor-widget-container\">\n\t\t\t\t\t\t\t\t\t<h2><strong>Centros comerciales en Cabo San Lucas  <\/strong><\/h2>\n<p><strong> <\/strong><\/p>\n<h3><strong>Puerto Para\u00edso<\/strong><\/h3>\n<p>El gran centro comercial del puerto deportivo de Cabo San Lucas es un complejo de varios niveles con una excelente variedad de tiendas, boutiques y galer\u00edas. Tambi\u00e9n dispone de servicios generales, como una farmacia y un banco. Puerto Para\u00edso alberga numerosas galer\u00edas de bellas artes y artesan\u00eda que ofrecen productos hechos a mano de M\u00e9xico y otros pa\u00edses, y hay un gran n\u00famero de boutiques de ropa con lo \u00faltimo en trajes de ba\u00f1o y ropa de estilo vacacional. Las opciones gastron\u00f3micas son dignas de menci\u00f3n, con la cadena americana de lujo Ruth&#8217;s Chris Steak House, y restaurantes locales de primera como Se\u00f1or Sweets y Baja Brewing Company. Tambi\u00e9n se ha abierto recientemente un patio de comidas en el entresuelo. Entre las opciones de ocio se incluye un cine con 10 salas. El horario comercial var\u00eda.<\/p>\n<p>Boulevard L\u00e1zaro C\u00e1rdenas 1501, CP. 23410<\/p>\n<p>Cabo San Lucas, Baja California Sur. T. 01(624) 144 3000<\/p>\n<p>http:\/\/www.puertoparaiso.mx\/<\/p>\n<\/p>\n<h3><strong>Avenida de lujo<\/strong><\/h3>\n<p>Luxury Avenue es un centro comercial boutique de alta gama situado junto a Puerto Para\u00edso, en el puerto deportivo de Cabo San Lucas. Se puede acceder al centro comercial desde Puerto Para\u00edso, pero es mucho m\u00e1s divertido recorrer la alfombra roja que se utiliza con frecuencia para guiar a los elegidos desde el malec\u00f3n del puerto deportivo hasta las escaleras que conducen a la direcci\u00f3n m\u00e1s prestigiosa de Cabo. Luxury Avenue se encuentra en el coraz\u00f3n de lo que se conoce como la Zona Dorada de la Marina, y es sin duda el centro comercial m\u00e1s caro de la zona. Si quiere comprar un bolso Fendi o la \u00faltima moda de Salvatore Ferragamo, \u00e9ste es su sitio. Luxury Avenue alberga elegantes boutiques de todo el mundo, como Chopard, Cartier, Montblanc, Ultrafemme y Ultrajewels.<\/p>\n<p><strong>Ave. L\u00e1zaro C\u00e1rdenas,<\/strong><\/p>\n<p><strong>Marina Cabo San Lucas<\/strong><\/p>\n<p><strong>(624) 163 4280<\/strong><\/p>\n<p><a href=\"mailto:info@luxuryavenue.com\"><strong>info@luxuryavenue.com<\/strong><\/a><\/p>\n<p><strong>https:\/\/luxuryavenue.com\/<\/strong><\/p>\n<p><strong> <\/strong><\/p>\n<h3><strong>Plaza Gali<\/strong><\/h3>\n<p>Todos los tipos de tiendas que uno puede esperar encontrar en el centro -joyer\u00edas, proveedores de arte y artesan\u00eda, farmacias, boutiques de gafas de sol, tiendas libres de impuestos- se encuentran aqu\u00ed primero. Tambi\u00e9n hay opciones de comida y bebida orientadas al turismo, como un quiosco de caf\u00e9 Starbucks y un bar y asador Se\u00f1or Frog&#8217;s. Tambi\u00e9n se pueden organizar actividades, sobre todo en Manta, una de las principales tiendas de buceo de la zona. Incluso hay un OXXO (una tienda de conveniencia mexicana similar al 7-11 estadounidense), donde se pueden comprar bebidas fr\u00edas y aperitivos.<\/p>\n<p>La plaza m\u00e1s cercana a la terminal de cruceros.<\/p>\n<p>Plaza gali, Blvd. Paseo de la Marina 853, Centro, Marina, 23450 Cabo San Lucas, B.C.S.<\/p>\n<p><a href=\"https:\/\/www.google.com\/search?rlz=1C1RUCY_enMX907MX907&amp;sxsrf=ALeKk01yc9yFNKTkYdJrv_tfW36FlHbhvA:1625596678332&amp;q=success+barber+shop+cabo+san+lucas+phone&amp;ludocid=5123663106908321779&amp;sa=X&amp;ved=2ahUKEwj5jr3Ei8_xAhXSJzQIHQoPBogQ6BMwFXoECBkQAg\" target=\"_blank\" rel=\"noopener\">Tel:<\/a> <a href=\"https:\/\/www.google.com\/search?q=plaza+gali+cabo+san+lucas&amp;rlz=1C1RUCY_enMX907MX907&amp;oq=plaza+gali+cabo&amp;aqs=chrome.0.0i355j46i175i199j69i57.3640j0j4&amp;sourceid=chrome&amp;ie=UTF-8\" target=\"_blank\" rel=\"noopener\">624 227 6123<\/a><\/p>\n<\/p>\n<h3><strong>Plaza Bonita<\/strong><\/h3>\n<p>Plaza Bonita es una de las plazas comerciales m\u00e1s grandes de Cabo San Lucas. Est\u00e1 situado en el malec\u00f3n del puerto deportivo, cerca de Puerto Para\u00edso, y cuenta entre sus inquilinos con varias discotecas populares (Knotty Social Club, Nowhere Bar) y restaurantes (Alexander, Tiki Bar), el \u00fanico Starbucks de la ciudad, as\u00ed como una boutique de ropa (Dos Lunas) y galer\u00edas de arte y artesan\u00eda tradicional mexicana. El patio es espacioso, y un complejo de condominios se asienta sobre varias propiedades comerciales, ofreciendo magn\u00edficas vistas del puerto deportivo de Cabo San Lucas. Los apartamentos suelen alquilarse por semanas o meses, y los hu\u00e9spedes tienen acceso a una terraza comunitaria con piscina, jacuzzi y barbacoa exterior.<\/p>\n<p>Correo electr\u00f3nico: plazabonitamall@hotmail.com<\/p>\n<p>P\u00e1gina web: <a href=\"http:\/\/www.plazabonitacabo.com\" target=\"_blank\" rel=\"noopener\">www.plazabonitacabo.com<\/a><\/p>\n<\/p>\n<h3><strong>Plaza San Lucas<\/strong><\/h3>\n<p>La Plaza de San Lucas es conocida por los lugare\u00f1os como la sede de Walmart. El centro comercial est\u00e1 situado a las afueras de Cabo San Lucas y, adem\u00e1s de tiendas m\u00e1s grandes como Walmart, tambi\u00e9n alberga La Europea, una tienda de delicatessen bien surtida y una tienda de vinos y licores de primera calidad, as\u00ed como Radio Shack, GNC y numerosas boutiques de ropa, trajes de ba\u00f1o y gafas de sol. Tambi\u00e9n hay un patio de comidas con diversas ofertas, incluido sushi, as\u00ed como una peque\u00f1a panader\u00eda. Este es uno de los mejores centros comerciales para &#8220;encontrar cualquier cosa&#8221; en Los Cabos, y de vez en cuando habr\u00e1 un circo montado frente al estacionamiento, o una gr\u00faa de bungee jumping.<\/p>\n<\/p>\n<p>Direcci\u00f3n: Carr. Transpeninsular, (Carretera Transpeninsular) Km. 5, El Tezal, 23454 Cabo San Lucas, Baja California Sur, 23410. Tel\u00e9fono:01 624 144 7246<\/p>\n<\/p>\n<h3><strong> <\/strong><\/h3>\n<h3><strong>Patio Los Cabos<\/strong><\/h3>\n<p>justo despu\u00e9s de la estaci\u00f3n de autobuses de Cabo San Lucas, en la carretera a Todos Santos. Sin embargo, el amplio centro comercial es muy popular entre los lugare\u00f1os y ofrece una amplia selecci\u00f3n de boutiques de ropa, tiendas especializadas y opciones de restauraci\u00f3n. Soriana es la tienda m\u00e1s conocida de Patio Los Cabos, y esta tienda de comestibles y productos generales tiene casi cualquier cosa que los visitantes puedan necesitar, adem\u00e1s de ofrecer opciones de entrega a domicilio. El complejo de cines proyecta pel\u00edculas de estreno en ingl\u00e9s y espa\u00f1ol, y el patio de comidas ofrece numerosas opciones gastron\u00f3micas. Siempre hay aparcamiento disponible.<\/p>\n<\/p>\n<p>Avenida De Las Brisas 2404<\/p>\n<p>Col. Brisas del Pac\u00edfico 23473<\/p>\n<p>Cabo San Lucas, Baja California Sur, M\u00e9xico<\/p>\n<p><strong>Tel:<\/strong> 01 (624) 168 5314<\/p>\n<p>P\u00e1gina web: www.shoppingmall.com.mx\/patioloscabos<\/p>\n<p>Facebook: <a href=\"http:\/\/www.facebook.com\/PatioLosCabos\/\" target=\"_blank\" rel=\"noopener\">www.facebook.com\/PatioLosCabos\/<\/a><\/p>\n<h3> <\/h3>\n<h3>Plaza Pioneros<\/h3>\n<p>El Centro Comercial Plaza Pioneros est\u00e1 ubicado en la Avenida L\u00e1zaro C\u00e1rdenas que es considerada la avenida principal del destino tur\u00edstico Cabo San Lucas, a dos cuadras de Playa El M\u00e9dano. Plaza Pioneros se posiciona como un centro natural donde convergen diferentes tipos de actividades comerciales y de servicios que son requeridos por un amplio mercado de necesidades tanto de los visitantes que transitan por la zona como de los locales que trabajan y hacen negocios en este popular Centro.<\/p>\n<p>Direcci\u00f3n: L\u00e1zaro C\u00e1rdenas 2501, El Medano Ejidal, 23453 Cabo San Lucas, B.C.S.<\/p>\n<p><strong>Tel\u00e9fono:<\/strong> (624) 143-9100<\/p>\n<p><strong>Correo electr\u00f3nico:<\/strong> posadacabosanlucas@gmail.com<\/p>\n<\/p>\n<p><strong> <\/strong><\/p>\n<h2><strong>Centros Comerciales San Jose del Cabo<\/strong><\/h2>\n<\/p>\n<p><strong> <\/strong><\/p>\n<h3><strong>Las tiendas de Palmilla<\/strong><\/h3>\n<p>El peque\u00f1o centro comercial est\u00e1 situado en la comunidad tur\u00edstica de Palmilla, a las afueras de San Jos\u00e9 del Cabo, cerca del exclusivo resort de ultralujo One&amp;Only Palmilla, y alberga restaurantes de alta cocina (Nick-San, Cream Caf\u00e9, Chin&#8217;s Chinese, Blue Fish Seafood), tiendas de muebles (Antigua de M\u00e9xico) y oficinas inmobiliarias de alto nivel (Engel and Volkers, Snell Real Estate), as\u00ed como galer\u00edas (Pez Gordo Galer\u00eda) y boutiques (Casa Vieja, SAX), y el \u00fanico agente consular de EE.UU en Los Cabos.<\/p>\n<\/p>\n<p>Carretera Transpeninsular KM 27.5<\/p>\n<p>Palmilla, San Jos\u00e9 del Cabo B.C.S. M\u00e9xico, 23406<\/p>\n<p>+52-624-144-6999<\/p>\n<p>https:\/\/www.theshoppesatpalmilla.com\/<\/p>\n<h3><strong> <\/strong><\/h3>\n<h3><strong>Plaza Artesanos<\/strong><\/h3>\n<p>Situada en el centro de San Jos\u00e9 del Cabo, la Plaza Artesanos alberga decenas de vendedores de aut\u00e9ntica joyer\u00eda, ropa, bolsas, alfombras y cer\u00e1mica mexicana. Se trata de una ventanilla \u00fanica para los turistas que buscan recuerdos de alta calidad a precios asequibles en un ambiente c\u00f3modo y sin t\u00e1cticas de venta agresivas. Abundan las joyas de oro y plata, as\u00ed como los vestidos cosidos a mano, los sombreros, las m\u00e1scaras, la iconograf\u00eda religiosa, el tequila y casi cualquier baratija imaginable. La plaza en s\u00ed est\u00e1 limpia y ventilada, y es un lugar estupendo para pasar la tarde, con muchos bancos y sombrillas que dan sombra. El complejo tambi\u00e9n alberga una cafeter\u00eda y una farmacia.<\/p>\n<\/p>\n<p>Paseo de Las Misiones 23406 San Jos\u00e9 del Cabo, Baja California Sur, M\u00e9xico<\/p>\n<p>San Jos\u00e9 del Cabo, Baja California Sur, 23400<\/p>\n<p>(624) 122-1009 &#8211; (624) 105-2442)<\/p>\n<p>Facebook: www.facebook.com\/Plaza-Artesanos-San-Jose-Del-Cabo-119867504851074\/<\/p>\n<h3><strong> <\/strong><\/h3>\n<h3><strong>Centro Koral<\/strong><\/h3>\n<p>Ubicado en el corredor tur\u00edstico entre las principales ciudades de Los Cabos, San Jos\u00e9 del Cabo y Cabo san Lucas, formando parte del complejo Koral Center, nuestro moderno concepto de centro comercial abierto concentra todas las necesidades en una comunidad que crece d\u00eda a d\u00eda. Las tiendas Koral y las dem\u00e1s entidades juntas, satisfacen un mercado en constante evoluci\u00f3n basado en experiencias integrales dentro del mismo complejo.<\/p>\n<\/p>\n<p>Carretera Transpeninsular, Kil\u00f3metro 24.5, Cerro Colorado. San Jos\u00e9 del Cabo, M\u00e9xico San Jos\u00e9 del Cabo<\/p>\n<h5><strong>GPS:<\/strong><\/h5>\n<p>23.00153105785277, -109.73350021988153<\/p>\n<h5><strong>Tel\u00e9fono:<\/strong><\/h5>\n<p>(624) 122 3840<\/p>\n<h5><strong>Correo electr\u00f3nico:<\/strong><\/h5>\n<p>rrpp@koralcenter.com.mx<\/p>\n<h5><strong>Web:<\/strong><\/h5>\n<p><a href=\"http:\/\/koralcenter.com.mx\/es\/\" target=\"_blank\" rel=\"noopener\">http:\/\/koralcenter.com.mx\/es\/<\/a><\/p>\n<\/p>\n<h3> <\/h3>\n<h3>Plaza del Pescador<\/h3>\n<p>Plaza el Pescador es un centro comercial en la zona hotelera de San Jos\u00e9 del Cabo, a unos pasos del Mar de Cort\u00e9s y a un paso del Centro Hist\u00f3rico. Su ubicaci\u00f3n y la gran variedad de restaurantes, tiendas y actividades convierten a este centro comercial en el lugar ideal para que visitantes y lugare\u00f1os disfruten con la familia y los amigos. Tambi\u00e9n es la sede anual del Fin de Semana de Jazz de San Jos\u00e9.<\/p>\n<p><a href=\"https:\/\/plazadelpescador.com\/\" target=\"_blank\" rel=\"noopener\">https:\/\/plazadelpescador.com\/<\/a><\/p>\n<p>624 142 34 36<\/p>\n<p><a href=\"mailto:plazadelpescador@gmail.com\">plazadelpescador@gmail.com<\/a><\/p>\n<\/p>\n<p>Centro Comercial Plaza La Jolla<\/p>\n<p>M\u00e9xico 1 km 29, Corredor Tur\u00edstico, Col. La Jolla, 23406 San Jos\u00e9 del Cabo, B.C.S.<\/p>\n<\/p>\n<h3> <\/h3>\n<h3>Chedraui Selecto<\/h3>\n<p>Forma parte de la cadena de supermercados Chedraui. Carreterra. Transpeninsular (Autopista 1) y Autopista de peaje, Colonia. Club Campestre, CP 23046, San Jos\u00e9 Del Cabo, Los Cabos, Baja California Sur. Los inquilinos incluyen: Starbucks &#8211; Coffee Shop, Del Mar Real Estate, Indita Mia Arts &amp; Crafts, GNC &#8211; Vive Mejor &#8211; Live Better, La Carreta Los Cabos, y otros.<\/p>\n<p><strong> <\/strong><\/p>\n<p><strong> <\/strong><\/p>\n<h3><strong>Plaza Pen\u00ednsula<\/strong><\/h3>\n<p>Plaza pen\u00ednsula ofrece una amplia gama de productos y servicios en un mismo lugar, bancos, restaurantes, material de oficina, concesionarios de coches y mucho m\u00e1s.<\/p>\n<p>Carretera Transpeninsular km 29.5 SN Colonia La Joya, C.P. 23400, San Jose del Cabo, Baja California Sur, MexicoDirecciones a Peninsula Plaza.<\/p>\n<p>624 17 26 444<\/p>\n<p><a href=\"mailto:contacto@plazapeninsula.mx\">contacto@plazapeninsula.mx<\/a><\/p>\n<p><a href=\"https:\/\/www.plazapeninsula.mx\/\" target=\"_blank\" rel=\"noopener\">https:\/\/www.plazapeninsula.mx\/<\/a><\/p>\n<\/p>\n<h3>Plaza Patio San Jos\u00e9<\/h3>\n<p>Es un centro comercial muy agradable. Ah\u00ed se encuentran importantes negocios como Soriana Hiper Los Cabos, Cin\u00e9polis, Carls Jr y otros restaurantes.<\/p>\n<p>Calle Valerio Gonzalez 137 Campo de Golf Fonatur, Cabo San Lucas, Baja California Sur 23400<\/p>\n\t\t\t\t\t\t\t\t<\/div>\n\t\t\t\t<\/div>\n\t\t\t\t\t<\/div>\n\t\t<\/div>\n\t\t\t\t\t<\/div>\n\t\t<\/section>\n\t\t\t\t<\/div>\n\t\t","protected":false},"excerpt":{"rendered":"<p>Centros comerciales en Cabo San Lucas Puerto Para\u00edso El gran centro comercial del puerto deportivo de Cabo San Lucas es un complejo de varios niveles con una excelente variedad de tiendas, boutiques y galer\u00edas. Tambi\u00e9n dispone de servicios generales, como una farmacia y un banco. Puerto Para\u00edso alberga numerosas galer\u00edas de bellas artes y artesan\u00eda [&hellip;]<\/p>\n","protected":false},"author":5,"featured_media":0,"parent":0,"menu_order":0,"comment_status":"closed","ping_status":"closed","template":"","meta":{"_acf_changed":false,"footnotes":""},"class_list":["post-528396","page","type-page","status-publish","hentry"],"acf":[],"_links":{"self":[{"href":"https:\/\/ownincabo.com\/es\/wp-json\/wp\/v2\/pages\/528396","targetHints":{"allow":["GET"]}}],"collection":[{"href":"https:\/\/ownincabo.com\/es\/wp-json\/wp\/v2\/pages"}],"about":[{"href":"https:\/\/ownincabo.com\/es\/wp-json\/wp\/v2\/types\/page"}],"author":[{"embeddable":true,"href":"https:\/\/ownincabo.com\/es\/wp-json\/wp\/v2\/users\/5"}],"replies":[{"embeddable":true,"href":"https:\/\/ownincabo.com\/es\/wp-json\/wp\/v2\/comments?post=528396"}],"version-history":[{"count":0,"href":"https:\/\/ownincabo.com\/es\/wp-json\/wp\/v2\/pages\/528396\/revisions"}],"wp:attachment":[{"href":"https:\/\/ownincabo.com\/es\/wp-json\/wp\/v2\/media?parent=528396"}],"curies":[{"name":"wp","href":"https:\/\/api.w.org\/{rel}","templated":true}]}}