{"id":528569,"date":"2020-07-22T22:39:30","date_gmt":"2020-07-22T22:39:30","guid":{"rendered":"https:\/\/ownincabo.com\/condominios-de-menos-de-750k\/"},"modified":"2023-06-13T00:34:41","modified_gmt":"2023-06-13T00:34:41","slug":"condominios-de-menos-de-750k","status":"publish","type":"page","link":"https:\/\/ownincabo.com\/es\/condominios-de-menos-de-750k\/","title":{"rendered":"Condominios de menos de 750K"},"content":{"rendered":"\t\t<div data-elementor-type=\"wp-page\" data-elementor-id=\"528569\" class=\"elementor elementor-528569 elementor-13840\" data-elementor-settings=\"{&quot;ha_cmc_init_switcher&quot;:&quot;no&quot;}\" data-elementor-post-type=\"page\">\n\t\t\t\t\t\t<section class=\"elementor-section elementor-top-section elementor-element elementor-element-303d466 elementor-section-boxed elementor-section-height-default elementor-section-height-default\" data-id=\"303d466\" data-element_type=\"section\" data-e-type=\"section\" data-settings=\"{&quot;_ha_eqh_enable&quot;:false}\">\n\t\t\t\t\t\t<div class=\"elementor-container elementor-column-gap-default\">\n\t\t\t\t\t<div class=\"elementor-column elementor-col-100 elementor-top-column elementor-element elementor-element-75b925d\" data-id=\"75b925d\" data-element_type=\"column\" data-e-type=\"column\">\n\t\t\t<div class=\"elementor-widget-wrap elementor-element-populated\">\n\t\t\t\t\t\t<div class=\"elementor-element elementor-element-956f8ba elementor-widget elementor-widget-wp-widget-impress_idx_dashboard_widget\" data-id=\"956f8ba\" data-element_type=\"widget\" data-e-type=\"widget\" data-widget_type=\"wp-widget-impress_idx_dashboard_widget.default\">\n\t\t\t\t<div class=\"elementor-widget-container\">\n\t\t\t\t\t<h5>condos for sale in Cabo San Lucas under 750k<\/h5><script type=\"text\/javascript\" id=\"idxwidgetsrc-p\" src=\"\/\/for-sale.ownincabo.com\/idx\/customshowcasejs.php?widgetid=9806\"><\/script>\t\t\t\t<\/div>\n\t\t\t\t<\/div>\n\t\t\t\t\t<\/div>\n\t\t<\/div>\n\t\t\t\t\t<\/div>\n\t\t<\/section>\n\t\t\t\t<section class=\"elementor-section elementor-top-section elementor-element elementor-element-724f577 elementor-section-boxed elementor-section-height-default elementor-section-height-default\" data-id=\"724f577\" data-element_type=\"section\" data-e-type=\"section\" data-settings=\"{&quot;_ha_eqh_enable&quot;:false}\">\n\t\t\t\t\t\t<div class=\"elementor-container elementor-column-gap-default\">\n\t\t\t\t\t<div class=\"elementor-column elementor-col-100 elementor-top-column elementor-element elementor-element-722a3cf\" data-id=\"722a3cf\" data-element_type=\"column\" data-e-type=\"column\">\n\t\t\t<div class=\"elementor-widget-wrap elementor-element-populated\">\n\t\t\t\t\t\t<div class=\"elementor-element elementor-element-ce87ef9 elementor-widget elementor-widget-text-editor\" data-id=\"ce87ef9\" data-element_type=\"widget\" data-e-type=\"widget\" data-widget_type=\"text-editor.default\">\n\t\t\t\t<div class=\"elementor-widget-container\">\n\t\t\t\t\t\t\t\t\t<h2>Condominios en venta en Cabo San Lucas<\/h2>\n<p>Si est\u00e1 buscando una casa adosada o condominio en Los Cabos, aqu\u00ed en Own In Cabo Real Estate estamos aqu\u00ed para ayudarlo en el proceso. Cabo San Lucas tiene muchos desarrollos diferentes con condominios con vista al Mar de Cort\u00e9s o al Oc\u00e9ano Pac\u00edfico. Los condominios frente a la playa tambi\u00e9n est\u00e1n disponibles tanto en el Oc\u00e9ano Pac\u00edfico como en el Mar de Cort\u00e9s. Tambi\u00e9n hay varias opciones para comprar condominios que se encuentran en el Corredor entre Cabo San Lucas y San Jos\u00e9 del Cabo con f\u00e1cil acceso al aeropuerto y f\u00e1cil acceso a cualquiera de las ciudades. Los Cabos es conveniente para muchas de las principales \u00e1reas metropolitanas, con vuelos directos disponibles desde la mayor\u00eda de los principales aeropuertos de los Estados Unidos y Canad\u00e1.  <\/p>\n<h2>Amenidades del Condominio<\/h2>\n<p>La mayor\u00eda de los desarrollos de condominios en Los Cabos tienen una amplia gama de comodidades, desde piscinas hasta gimnasios. Algunas urbanizaciones incluso cuentan con espectaculares clubes de playa. Muchas comunidades tienen opciones de casas o condominios disponibles para su compra.  <\/p>\n\t\t\t\t\t\t\t\t<\/div>\n\t\t\t\t<\/div>\n\t\t\t\t\t<\/div>\n\t\t<\/div>\n\t\t\t\t\t<\/div>\n\t\t<\/section>\n\t\t\t\t<\/div>\n\t\t","protected":false},"excerpt":{"rendered":"<p>Condominios en venta en Cabo San Lucas Si est\u00e1 buscando una casa adosada o condominio en Los Cabos, aqu\u00ed en Own In Cabo Real Estate estamos aqu\u00ed para ayudarlo en el proceso. Cabo San Lucas tiene muchos desarrollos diferentes con condominios con vista al Mar de Cort\u00e9s o al Oc\u00e9ano Pac\u00edfico. Los condominios frente a [&hellip;]<\/p>\n","protected":false},"author":5,"featured_media":0,"parent":0,"menu_order":36,"comment_status":"closed","ping_status":"closed","template":"","meta":{"_acf_changed":false,"footnotes":""},"class_list":["post-528569","page","type-page","status-publish","hentry"],"acf":[],"_links":{"self":[{"href":"https:\/\/ownincabo.com\/es\/wp-json\/wp\/v2\/pages\/528569","targetHints":{"allow":["GET"]}}],"collection":[{"href":"https:\/\/ownincabo.com\/es\/wp-json\/wp\/v2\/pages"}],"about":[{"href":"https:\/\/ownincabo.com\/es\/wp-json\/wp\/v2\/types\/page"}],"author":[{"embeddable":true,"href":"https:\/\/ownincabo.com\/es\/wp-json\/wp\/v2\/users\/5"}],"replies":[{"embeddable":true,"href":"https:\/\/ownincabo.com\/es\/wp-json\/wp\/v2\/comments?post=528569"}],"version-history":[{"count":0,"href":"https:\/\/ownincabo.com\/es\/wp-json\/wp\/v2\/pages\/528569\/revisions"}],"wp:attachment":[{"href":"https:\/\/ownincabo.com\/es\/wp-json\/wp\/v2\/media?parent=528569"}],"curies":[{"name":"wp","href":"https:\/\/api.w.org\/{rel}","templated":true}]}}